{"id":2,"date":"2011-03-17T13:22:50","date_gmt":"2011-03-17T13:22:50","guid":{"rendered":"http:\/\/processing.joan.cat\/rv\/?page_id=2"},"modified":"2015-03-27T12:22:55","modified_gmt":"2015-03-27T11:22:55","slug":"pagina-exemple","status":"publish","type":"page","link":"http:\/\/processing.joan.cat\/rv\/","title":{"rendered":""},"content":{"rendered":"<p><strong>REALIDAD VIRTUAL &#8211; PR\u00c1CTICAS con PROCESSING || M\u00e1ster Universitario en Artes Digitales, UPF<\/strong><\/p>\n<p><strong>Material para las sesiones de programaci\u00f3n:<\/strong><\/p>\n<ol>\n<li><a href=\"http:\/\/processing.joan.cat\/rv\/01-estrcucturas_avanzadas\/\">Estructuras avanzadas<\/a><\/li>\n<li><a href=\"http:\/\/processing.joan.cat\/rv\/02_aleatoriedad\/\">Aleatoriedad<\/a> \/ <a href=\"http:\/\/processing.joan.cat\/rv\/03_trigonometria\/\">Trigonometr\u00eda<\/a> \/ <a href=\"http:\/\/processing.joan.cat\/rv\/code\/rellotge\/\">Pr\u00e1ctica individual 1 (reloj)<br \/>\n<\/a>&#8211;&gt; <a href=\"http:\/\/www.openprocessing.org\/classroom\/4770\">enlace para colgar la pr\u00e1ctica del reloj<\/a><\/li>\n<li><a href=\"http:\/\/processing.joan.cat\/rv\/angulos-y-rotacion\/\">Matem\u00e1tica vectorial \/ \u00c1ngulos y rotaci\u00f3n<\/a><\/li>\n<li><a href=\"http:\/\/processing.joan.cat\/rv\/fuerzas\/\">Vectores y fuerzas<\/a><\/li>\n<li><strong>Trabajo con la pr\u00e1ctica individual 2 : Midterm (libre)<\/strong><\/li>\n<li><strong>Presentaci\u00f3n del LAB<\/strong><\/li>\n<li>Sistemas de part\u00edculas<\/li>\n<li>Visi\u00f3n por ordenador<\/li>\n<\/ol>\n<p><em><strong>En las sesiones 9-12 trabajaremos con los proyectos finales y repaso de material si es necesario. En la sesi\u00f3n 13 haremos la presentaci\u00f3n de los proyectos.<\/strong><\/em><\/p>\n<p>&nbsp;<\/p>\n<p>&#8212;&#8212;&#8212;&#8212;&#8212;&#8212;&#8212;&#8212;&#8212;&#8212;&#8212;&#8212;&#8212;&#8212;&#8212;&#8212;&#8212;&#8212;&#8212;&#8212;&#8212;&#8212;&#8212;&#8212;&#8212;&#8212;<\/p>\n<p><strong>M\u00f3dulo de Realidad Virtual<\/strong>:<\/p>\n<ul>\n<li><a href=\"http:\/\/www.dtic.upf.edu\/~gvirtual\/master\/rv_programa.htm\">Programa<\/a><\/li>\n<li><a href=\"http:\/\/creaciodigital.upf.edu\/wikis\/rv\/index.php\/Main_Page\">Wiki del m\u00f3dulo <\/a><\/li>\n<li><a href=\"http:\/\/www.joan.cat\/moute\">MouTe<\/a><\/li>\n<\/ul>\n<p><strong>Links<\/strong>:<\/p>\n<ul>\n<li><a href=\"http:\/\/www.processing.org\/\">Processing<\/a><\/li>\n<li><a href=\"http:\/\/www.joan.cat\/processing\/cs\">Tutorial de Processing del Primer Bloque<\/a><\/li>\n<li><a href=\"http:\/\/joan.cat\/han06\">El Blog del taller de Processing en Hangar en 2006<\/a> (catal\u00e0)<\/li>\n<li><a href=\"http:\/\/joan.cat\/processing\">M\u00e1s ejemplos y material de processing<\/a><\/li>\n<li><a href=\"http:\/\/www.learningprocessing.com\/\">Learning Processing<\/a> (english)<\/li>\n<\/ul>\n<p>&nbsp;<\/p>\n<p><strong>Bibliograf\u00eda b\u00e1sica sobre Processing<\/strong>:<\/p>\n<ul>\n<li>Daniel Shiffman, <em>Learning Processing: A Beginner&#8217;s Guide to Programming Images, Animation, and Interaction<\/em>, Morgan Kaufmann, 2008<\/li>\n<li>Casey Reas and Ben Fry, <em>Processing: A Programming Handbook for Visual Designers and Artists<\/em>, MIT Press, 2007<\/li>\n<li>Ira Greenberg, <em>Processing: Creative Coding and Computational Art (Foundation)<\/em>, Friends of Ed. 2007<\/li>\n<\/ul>\n<p>&nbsp;<\/p>\n<p>\u00a9 2010- <a href=\"http:\/\/joan.cat\/\">Joan Soler-Adillon<\/a><\/p>\n","protected":false},"excerpt":{"rendered":"<p>REALIDAD VIRTUAL &#8211; PR\u00c1CTICAS con PROCESSING || M\u00e1ster Universitario en Artes Digitales, UPF Material para las sesiones de programaci\u00f3n: Estructuras avanzadas Aleatoriedad \/ Trigonometr\u00eda \/ Pr\u00e1ctica individual 1 (reloj) &#8211;&gt; enlace para colgar la pr\u00e1ctica del reloj Matem\u00e1tica vectorial \/ &hellip; <a href=\"http:\/\/processing.joan.cat\/rv\/\">Continua llegint <span class=\"meta-nav\">&rarr;<\/span><\/a><\/p>\n","protected":false},"author":1,"featured_media":0,"parent":0,"menu_order":0,"comment_status":"closed","ping_status":"open","template":"","meta":[],"_links":{"self":[{"href":"http:\/\/processing.joan.cat\/rv\/wp-json\/wp\/v2\/pages\/2"}],"collection":[{"href":"http:\/\/processing.joan.cat\/rv\/wp-json\/wp\/v2\/pages"}],"about":[{"href":"http:\/\/processing.joan.cat\/rv\/wp-json\/wp\/v2\/types\/page"}],"author":[{"embeddable":true,"href":"http:\/\/processing.joan.cat\/rv\/wp-json\/wp\/v2\/users\/1"}],"replies":[{"embeddable":true,"href":"http:\/\/processing.joan.cat\/rv\/wp-json\/wp\/v2\/comments?post=2"}],"version-history":[{"count":36,"href":"http:\/\/processing.joan.cat\/rv\/wp-json\/wp\/v2\/pages\/2\/revisions"}],"predecessor-version":[{"id":322,"href":"http:\/\/processing.joan.cat\/rv\/wp-json\/wp\/v2\/pages\/2\/revisions\/322"}],"wp:attachment":[{"href":"http:\/\/processing.joan.cat\/rv\/wp-json\/wp\/v2\/media?parent=2"}],"curies":[{"name":"wp","href":"https:\/\/api.w.org\/{rel}","templated":true}]}}