{"id":260,"date":"2014-03-20T13:55:30","date_gmt":"2014-03-20T12:55:30","guid":{"rendered":"http:\/\/processing.joan.cat\/rv\/?page_id=260"},"modified":"2014-03-20T17:43:50","modified_gmt":"2014-03-20T16:43:50","slug":"03_trigonometria","status":"publish","type":"page","link":"http:\/\/processing.joan.cat\/rv\/03_trigonometria\/","title":{"rendered":"Trigonometria"},"content":{"rendered":"<p><script type=\"text\/javascript\" src=\"http:\/\/processing.joan.cat\/rv\/wp-content\/uploads\/2014\/03\/processing-1.4.1.min_.js\"><\/script><br \/>\n[<a href=\"http:\/\/processing.joan.cat\/rv\/code\/senoCoseno.zip\">archivo zip con todos los ejemlos<\/a>]<\/p>\n<p><strong>Trigonometr\u00eda b\u00e1sica: Seno y coseno<br \/>\n<\/strong>Con <a href=\"http:\/\/www.processing.org\/reference\/sin_.html\">seno <\/a>y <a href=\"http:\/\/www.processing.org\/reference\/cos_.html\">coseno<\/a>\u00a0podemos conseguir desde sequencias num\u00e9ricas totalmente lineales (de -1 a 1 de manera cont\u00ednua) hasta la conversi\u00f3n de coordenadas polares a cartesianas y viceversa: es decir, de un valor del que conocemos \u00e1ngulo y r\u00e1dio respecto a un punto (coordenadas polares), a un valor del que conocemos dist\u00e1ncia en x e y respecto a un punto or\u00edgen (coordenadas cartesianas, que son las que hemos estado utilizando hasta ahora en Processing).<\/p>\n<p>Visualizaci\u00f3n b\u00e1sica de los valores de seno y coseno:<\/p>\n<p><canvas id=\"seno_cos\" data-processing-sources=\"http:\/\/processing.joan.cat\/rv\/code\/seno_cos.pde\"><\/canvas><br \/>\n<a href=\"http:\/\/processing.joan.cat\/rv\/code\/seno_cos.pde\">Source<\/a><\/p>\n<p>&nbsp;<\/p>\n<p>Conversi\u00f3n de coordenadas:<\/p>\n<p><canvas id=\"coordenadas\" data-processing-sources=\"http:\/\/processing.joan.cat\/rv\/code\/coordenadas.pde\"><\/canvas><br \/>\n<a href=\"http:\/\/processing.joan.cat\/rv\/code\/coordenadas.pde\">Source<\/a><\/p>\n<p>&nbsp;<br \/>\nElipse sinusoidal:<\/p>\n<p><canvas id=\"seno_cos_huevo\" data-processing-sources=\"http:\/\/processing.joan.cat\/rv\/code\/seno_cos_huevo.pde\"><\/canvas><br \/>\n<a href=\"http:\/\/processing.joan.cat\/rv\/code\/seno_cos_huevo.pde\">Source<\/a><\/p>\n<p>&nbsp;<\/p>\n<p>Ondas sinusoidales:<\/p>\n<p><canvas id=\"seno_cos_ondas\" data-processing-sources=\"http:\/\/processing.joan.cat\/rv\/code\/seno_cos_ondas.pde\"><\/canvas><br \/>\n<a href=\"http:\/\/processing.joan.cat\/rv\/code\/seno_cos_ondas.pde\">Source<\/a><\/p>\n<p>&nbsp;<\/p>\n<p>Walkers sinusoidales:<\/p>\n<p><canvas id=\"seno_cos_walkers_xy\" data-processing-sources=\"http:\/\/processing.joan.cat\/rv\/code\/seno_cos_walkers_xy.pde\"><\/canvas><br \/>\n<a href=\"http:\/\/processing.joan.cat\/rv\/code\/seno_cos_walkers_xy.pde\">Source<\/a><\/p>\n<p>&nbsp;<\/p>\n","protected":false},"excerpt":{"rendered":"<p>[archivo zip con todos los ejemlos] Trigonometr\u00eda b\u00e1sica: Seno y coseno Con seno y coseno\u00a0podemos conseguir desde sequencias num\u00e9ricas totalmente lineales (de -1 a 1 de manera cont\u00ednua) hasta la conversi\u00f3n de coordenadas polares a cartesianas y viceversa: es decir, &hellip; <a href=\"http:\/\/processing.joan.cat\/rv\/03_trigonometria\/\">Continua llegint <span class=\"meta-nav\">&rarr;<\/span><\/a><\/p>\n","protected":false},"author":1,"featured_media":0,"parent":0,"menu_order":0,"comment_status":"closed","ping_status":"open","template":"","meta":[],"_links":{"self":[{"href":"http:\/\/processing.joan.cat\/rv\/wp-json\/wp\/v2\/pages\/260"}],"collection":[{"href":"http:\/\/processing.joan.cat\/rv\/wp-json\/wp\/v2\/pages"}],"about":[{"href":"http:\/\/processing.joan.cat\/rv\/wp-json\/wp\/v2\/types\/page"}],"author":[{"embeddable":true,"href":"http:\/\/processing.joan.cat\/rv\/wp-json\/wp\/v2\/users\/1"}],"replies":[{"embeddable":true,"href":"http:\/\/processing.joan.cat\/rv\/wp-json\/wp\/v2\/comments?post=260"}],"version-history":[{"count":9,"href":"http:\/\/processing.joan.cat\/rv\/wp-json\/wp\/v2\/pages\/260\/revisions"}],"predecessor-version":[{"id":284,"href":"http:\/\/processing.joan.cat\/rv\/wp-json\/wp\/v2\/pages\/260\/revisions\/284"}],"wp:attachment":[{"href":"http:\/\/processing.joan.cat\/rv\/wp-json\/wp\/v2\/media?parent=260"}],"curies":[{"name":"wp","href":"https:\/\/api.w.org\/{rel}","templated":true}]}}