{"id":308,"date":"2014-03-28T16:21:07","date_gmt":"2014-03-28T15:21:07","guid":{"rendered":"http:\/\/processing.joan.cat\/rv\/?page_id=308"},"modified":"2014-03-28T16:47:52","modified_gmt":"2014-03-28T15:47:52","slug":"fuerzas","status":"publish","type":"page","link":"http:\/\/processing.joan.cat\/rv\/fuerzas\/","title":{"rendered":"Fuerzas"},"content":{"rendered":"<p><script type=\"text\/javascript\" src=\"http:\/\/processing.joan.cat\/rv\/wp-content\/uploads\/2014\/03\/processing-1.4.1.min_.js\"><\/script><br \/>\n[<a href=\"http:\/\/processing.joan.cat\/rv\/code\/fuerzas.zip\">archivo zip con todos los ejemlos<\/a>]<\/p>\n<p>Revisitamos el ejemplo de gravedad, a\u00f1adiendo aceleraci\u00f3n y dibujando seg\u00fan direcci\u00f3n de cada elemento:<\/p>\n<p><canvas id=\"a_grav_heading2d\" data-processing-sources=\"http:\/\/processing.joan.cat\/rv\/code\/a_grav_heading2d.pde\"><\/canvas><br \/>\n<a href=\"http:\/\/processing.joan.cat\/rv\/code\/a_grav_heading2d.pde\">Source<\/a><br \/>\nAcumulaci\u00f3n de fuerzas: gravedad y viento, seg\u00fan massa.<br \/>\n&nbsp;<br \/>\n<canvas id=\"a_grav_things\" data-processing-sources=\"http:\/\/processing.joan.cat\/rv\/code\/a_grav_things.pde\"><\/canvas><br \/>\n<a href=\"http:\/\/processing.joan.cat\/rv\/code\/a_grav_things.pde\">Source<\/a><br \/>\n&nbsp;<br \/>\nAtracci\u00f3n (clica para que las part\u00edculas sean atra\u00eddas hacia el mouse):<br \/>\n<canvas id=\"b_grab_things_attrMouse\" data-processing-sources=\"http:\/\/processing.joan.cat\/rv\/code\/b_grab_things_attrMouse.pde\"><\/canvas><br \/>\n<a href=\"http:\/\/processing.joan.cat\/rv\/code\/b_grab_things_attrMouse.pde\">Source<\/a><br \/>\n&nbsp;<br \/>\nClica para crear atractores:<br \/>\n<canvas id=\"d_attractorsMany\" data-processing-sources=\"http:\/\/processing.joan.cat\/rv\/code\/d_attractorsMany.pde\"><\/canvas><br \/>\n<a href=\"http:\/\/processing.joan.cat\/rv\/code\/d_attractorsMany.pde\">Source<\/a><br \/>\n&nbsp;<br \/>\nClica para crear atractores:<br \/>\n<canvas id=\"d_attractorsManySmoke\" data-processing-sources=\"http:\/\/processing.joan.cat\/rv\/code\/d_attractorsManySmoke.pde\"><\/canvas><br \/>\n<a href=\"http:\/\/processing.joan.cat\/rv\/code\/d_attractorsManySmoke.pde\">Source<\/a><\/p>\n<p>&nbsp;<\/p>\n","protected":false},"excerpt":{"rendered":"<p>[archivo zip con todos los ejemlos] Revisitamos el ejemplo de gravedad, a\u00f1adiendo aceleraci\u00f3n y dibujando seg\u00fan direcci\u00f3n de cada elemento: Source Acumulaci\u00f3n de fuerzas: gravedad y viento, seg\u00fan massa. &nbsp; Source &nbsp; Atracci\u00f3n (clica para que las part\u00edculas sean atra\u00eddas &hellip; <a href=\"http:\/\/processing.joan.cat\/rv\/fuerzas\/\">Continua llegint <span class=\"meta-nav\">&rarr;<\/span><\/a><\/p>\n","protected":false},"author":1,"featured_media":0,"parent":0,"menu_order":0,"comment_status":"closed","ping_status":"open","template":"","meta":[],"_links":{"self":[{"href":"http:\/\/processing.joan.cat\/rv\/wp-json\/wp\/v2\/pages\/308"}],"collection":[{"href":"http:\/\/processing.joan.cat\/rv\/wp-json\/wp\/v2\/pages"}],"about":[{"href":"http:\/\/processing.joan.cat\/rv\/wp-json\/wp\/v2\/types\/page"}],"author":[{"embeddable":true,"href":"http:\/\/processing.joan.cat\/rv\/wp-json\/wp\/v2\/users\/1"}],"replies":[{"embeddable":true,"href":"http:\/\/processing.joan.cat\/rv\/wp-json\/wp\/v2\/comments?post=308"}],"version-history":[{"count":4,"href":"http:\/\/processing.joan.cat\/rv\/wp-json\/wp\/v2\/pages\/308\/revisions"}],"predecessor-version":[{"id":328,"href":"http:\/\/processing.joan.cat\/rv\/wp-json\/wp\/v2\/pages\/308\/revisions\/328"}],"wp:attachment":[{"href":"http:\/\/processing.joan.cat\/rv\/wp-json\/wp\/v2\/media?parent=308"}],"curies":[{"name":"wp","href":"https:\/\/api.w.org\/{rel}","templated":true}]}}