{"id":55,"date":"2011-03-18T23:34:14","date_gmt":"2011-03-18T22:34:14","guid":{"rendered":"http:\/\/processing.joan.cat\/rv\/?page_id=55"},"modified":"2012-04-13T12:57:45","modified_gmt":"2012-04-13T11:57:45","slug":"s03","status":"publish","type":"page","link":"http:\/\/processing.joan.cat\/rv\/s03\/","title":{"rendered":"s03"},"content":{"rendered":"<p><strong> REALIDAD VIRTUAL \u2013 PR\u00c1CTICAS con PROCESSING || MAD-IDEC-UPF<\/strong><\/p>\n<p><em>Sesi\u00f3n 3: Trigonometr\u00eda<br \/>\n<\/em><\/p>\n<p><em>\u2013 <a href=\"http:\/\/processing.joan.cat\/rv\/sketches\/s03_trigonometria.zip\">Archivo zip con todos los ejemplos<\/a> \u2013<\/em><\/p>\n<ul>\n<li><em>Operaciones con vectores<br \/>\n<\/em><\/li>\n<li><em>Orientaci\u00f3n: Arco tangente<br \/>\n<\/em><\/li>\n<li><em>\u00c1ngulos y coordenadas polares y cartesianas<\/em><\/li>\n<\/ul>\n<p>&#8212; <a href=\"http:\/\/processing.joan.cat\/rv\/wp-content\/uploads\/2011\/03\/millis_modulo.zip\">Ejemplo en clase 13-04-2012<\/a> &#8212;<\/p>\n<p>\u2014\u2014\u2014\u2014\u2014\u2014\u2014\u2014\u2014\u2014\u2014\u2014\u2014\u2014\u2014\u2014\u2014\u2014\u2014\u2014\u2014\u2014<\/p>\n<p><strong>Operaciones con vectores<\/strong><\/p>\n<p style=\"padding-left: 30px;\">Sigue<strong> <\/strong><\/p>\n<p style=\"padding-left: 30px;\"><strong><a href=\"http:\/\/processing.joan.cat\/rv\/sketches\/s03_trigonometria\/01follow\/index.html\"><img loading=\"lazy\" class=\"alignnone size-full wp-image-56\" title=\"01Follow\" src=\"http:\/\/processing.joan.cat\/rv\/wp-content\/uploads\/2011\/03\/01Follow.jpg\" alt=\"\" width=\"200\" height=\"120\" \/><\/a><\/strong><\/p>\n<p style=\"padding-left: 30px;\">Y sigue m\u00e1s, pero calculando con vectores<\/p>\n<p style=\"padding-left: 30px;\"><a href=\"http:\/\/processing.joan.cat\/rv\/sketches\/s03_trigonometria\/02follow_v2\/index.html\"><img loading=\"lazy\" class=\"alignnone size-full wp-image-57\" title=\"02Follow\" src=\"http:\/\/processing.joan.cat\/rv\/wp-content\/uploads\/2011\/03\/02Follow.jpg\" alt=\"\" width=\"200\" height=\"120\" \/><\/a><\/p>\n<p style=\"padding-left: 30px;\">&nbsp;<\/p>\n<p><strong>Orientaci\u00f3n: Arco tangente<\/strong><\/p>\n<p style=\"padding-left: 30px;\">Con uno en el medio<\/p>\n<p style=\"padding-left: 30px;\"><a href=\"http:\/\/processing.joan.cat\/rv\/sketches\/s03_trigonometria\/03atan\/index.html\"><img loading=\"lazy\" class=\"alignnone size-full wp-image-58\" title=\"03Atan\" src=\"http:\/\/processing.joan.cat\/rv\/wp-content\/uploads\/2011\/03\/03Atan.jpg\" alt=\"\" width=\"200\" height=\"120\" \/><\/a><\/p>\n<p style=\"padding-left: 30px;\">Con uno siguiendo el mouse<\/p>\n<p style=\"padding-left: 30px;\"><a href=\"http:\/\/processing.joan.cat\/rv\/sketches\/s03_trigonometria\/04dir\/index.html\"><img loading=\"lazy\" class=\"alignnone size-full wp-image-59\" title=\"04Dir\" src=\"http:\/\/processing.joan.cat\/rv\/wp-content\/uploads\/2011\/03\/04Dir.jpg\" alt=\"\" width=\"200\" height=\"120\" \/><\/a><\/p>\n<p style=\"padding-left: 30px;\">Y con los amigos del que sigue el mouse<\/p>\n<p style=\"padding-left: 30px;\"><a href=\"http:\/\/processing.joan.cat\/rv\/sketches\/s03_trigonometria\/05dir_class_multi\/index.html\"><img loading=\"lazy\" class=\"alignnone size-full wp-image-60\" title=\"05Dir_multi\" src=\"http:\/\/processing.joan.cat\/rv\/wp-content\/uploads\/2011\/03\/05Dir_multi.jpg\" alt=\"\" width=\"200\" height=\"120\" \/><\/a><\/p>\n<p style=\"padding-left: 30px;\">&nbsp;<\/p>\n<p><strong>\u00c1ngulos y coordenadas polares y cartesianas<\/strong><\/p>\n<p style=\"padding-left: 30px;\">\u00c1ngulo<strong><br \/>\n<\/strong><\/p>\n<p style=\"padding-left: 30px;\"><a href=\"http:\/\/processing.joan.cat\/rv\/sketches\/s03_trigonometria\/06angles\/index.html\"><img loading=\"lazy\" class=\"alignnone size-full wp-image-61\" title=\"06Angle\" src=\"http:\/\/processing.joan.cat\/rv\/wp-content\/uploads\/2011\/03\/06Angle.jpg\" alt=\"\" width=\"200\" height=\"120\" \/><\/a><\/p>\n<p style=\"padding-left: 30px;\">Espiral<\/p>\n<p style=\"padding-left: 30px;\"><a href=\"http:\/\/processing.joan.cat\/rv\/sketches\/s03_trigonometria\/07espiral\/index.html\"><img loading=\"lazy\" class=\"alignnone size-full wp-image-62\" title=\"07Espiral\" src=\"http:\/\/processing.joan.cat\/rv\/wp-content\/uploads\/2011\/03\/07Espiral.jpg\" alt=\"\" width=\"200\" height=\"120\" \/><\/a><\/p>\n<p style=\"padding-left: 30px;\">&nbsp;<\/p>\n<p><strong>Pr\u00e1ctica<\/strong><\/p>\n<p>Encontrar\u00e1s el enunciado de la pr\u00e1ctica en la <a href=\"http:\/\/creaciodigital.upf.edu\/wikis\/rv\/index.php\/Main_Page\">wiki<\/a>.<\/p>\n<p>\u2014\u2014\u2014\u2014\u2014\u2014\u2014\u2014\u2014\u2014\u2014\u2014\u2014\u2014\u2014\u2014\u2014\u2014\u2014\u2014\u2014\u2014\u2014\u2014\u2014\u2014\u2014<\/p>\n<p><em>Archivo hist\u00f3rico:<\/em><\/p>\n<p><em>Ejemplos hechos en clase, curso 2010-2011:\u00a0<a href=\"http:\/\/processing.joan.cat\/rv\/wp-content\/uploads\/2011\/03\/enClase_sesion03.zip\">enClase_sesion03.zip<\/a><\/em><\/p>\n<p>\u2014\u2014\u2014\u2014\u2014\u2014\u2014\u2014\u2014\u2014\u2014\u2014\u2014\u2014\u2014\u2014\u2014\u2014\u2014\u2014\u2014\u2014\u2014\u2014\u2014\u2014\u2014<\/p>\n<p>&#8212;&#8212;&#8212;&#8212;&#8212;&#8212;&#8212;&#8212;&#8212;&#8212;&#8212;&#8212;&#8212;&#8212;&#8212;&#8212;&#8212;&#8212;&#8212;-<br \/>\n\u00a9 2010- <a href=\"http:\/\/joan.cat\/\">Joan Soler-Adillon<\/a><\/p>\n","protected":false},"excerpt":{"rendered":"<p>REALIDAD VIRTUAL \u2013 PR\u00c1CTICAS con PROCESSING || MAD-IDEC-UPF Sesi\u00f3n 3: Trigonometr\u00eda \u2013 Archivo zip con todos los ejemplos \u2013 Operaciones con vectores Orientaci\u00f3n: Arco tangente \u00c1ngulos y coordenadas polares y cartesianas &#8212; Ejemplo en clase 13-04-2012 &#8212; \u2014\u2014\u2014\u2014\u2014\u2014\u2014\u2014\u2014\u2014\u2014\u2014\u2014\u2014\u2014\u2014\u2014\u2014\u2014\u2014\u2014\u2014 Operaciones con &hellip; <a href=\"http:\/\/processing.joan.cat\/rv\/s03\/\">Continua llegint <span class=\"meta-nav\">&rarr;<\/span><\/a><\/p>\n","protected":false},"author":1,"featured_media":0,"parent":0,"menu_order":0,"comment_status":"closed","ping_status":"open","template":"","meta":[],"_links":{"self":[{"href":"http:\/\/processing.joan.cat\/rv\/wp-json\/wp\/v2\/pages\/55"}],"collection":[{"href":"http:\/\/processing.joan.cat\/rv\/wp-json\/wp\/v2\/pages"}],"about":[{"href":"http:\/\/processing.joan.cat\/rv\/wp-json\/wp\/v2\/types\/page"}],"author":[{"embeddable":true,"href":"http:\/\/processing.joan.cat\/rv\/wp-json\/wp\/v2\/users\/1"}],"replies":[{"embeddable":true,"href":"http:\/\/processing.joan.cat\/rv\/wp-json\/wp\/v2\/comments?post=55"}],"version-history":[{"count":10,"href":"http:\/\/processing.joan.cat\/rv\/wp-json\/wp\/v2\/pages\/55\/revisions"}],"predecessor-version":[{"id":132,"href":"http:\/\/processing.joan.cat\/rv\/wp-json\/wp\/v2\/pages\/55\/revisions\/132"}],"wp:attachment":[{"href":"http:\/\/processing.joan.cat\/rv\/wp-json\/wp\/v2\/media?parent=55"}],"curies":[{"name":"wp","href":"https:\/\/api.w.org\/{rel}","templated":true}]}}