{"id":81,"date":"2011-03-18T23:50:26","date_gmt":"2011-03-18T22:50:26","guid":{"rendered":"http:\/\/processing.joan.cat\/rv\/?page_id=81"},"modified":"2012-05-11T13:22:36","modified_gmt":"2012-05-11T12:22:36","slug":"s07","status":"publish","type":"page","link":"http:\/\/processing.joan.cat\/rv\/s07\/","title":{"rendered":"s07"},"content":{"rendered":"<p><strong> REALIDAD VIRTUAL \u2013 PR\u00c1CTICAS con PROCESSING || MAD-IDEC-UPF<\/strong><\/p>\n<p><em>Sesi\u00f3n 7: Sistemas de part\u00edculas<br \/>\n<\/em><\/p>\n<p><em>\u2013 <a href=\"http:\/\/processing.joan.cat\/rv\/sketches\/s07_sistemes_p.zip\">Archivo zip con todos los ejemplos<\/a> \u2013<\/em><\/p>\n<p><a href=\"http:\/\/processing.joan.cat\/rv\/wp-content\/uploads\/2011\/03\/enClase11052012.zip\">&#8211; enClase11052012<\/a> &#8211;<\/p>\n<p><em><br \/>\n<\/em><\/p>\n<ul>\n<li><em>Sistemas de part\u00edculas<\/em><\/li>\n<li><em>(este es muy malo:) Atracci\u00f3n particular<br \/>\n<\/em><\/li>\n<\/ul>\n<p>\u2014\u2014\u2014\u2014\u2014\u2014\u2014\u2014\u2014\u2014\u2014\u2014\u2014\u2014\u2014\u2014\u2014\u2014\u2014\u2014\u2014\u2014<\/p>\n<p><strong>Sistemas de part\u00edculas<\/strong><\/p>\n<p style=\"padding-left: 30px;\">Uno<\/p>\n<p style=\"padding-left: 30px;\"><a href=\"http:\/\/processing.joan.cat\/rv\/sketches\/s07_sistemes_p\/01sp1\/index.html\"><img loading=\"lazy\" class=\"alignnone size-full wp-image-82\" title=\"01_un\" src=\"http:\/\/processing.joan.cat\/rv\/wp-content\/uploads\/2011\/03\/01_un.jpg\" alt=\"\" width=\"200\" height=\"120\" \/><\/a><\/p>\n<p style=\"padding-left: 30px;\">Dos<\/p>\n<p style=\"padding-left: 30px;\"><a href=\"http:\/\/processing.joan.cat\/rv\/sketches\/s07_sistemes_p\/02sp2\/index.html\"><img loading=\"lazy\" class=\"alignnone size-full wp-image-73\" title=\"02_dos\" src=\"http:\/\/processing.joan.cat\/rv\/wp-content\/uploads\/2011\/03\/02_dos.jpg\" alt=\"\" width=\"200\" height=\"120\" \/><\/a><\/p>\n<p style=\"padding-left: 30px;\">Tres<\/p>\n<p style=\"padding-left: 30px;\"><a href=\"http:\/\/processing.joan.cat\/rv\/sketches\/s07_sistemes_p\/03sp3\/index.html\"><img loading=\"lazy\" class=\"alignnone size-full wp-image-74\" title=\"03_tres\" src=\"http:\/\/processing.joan.cat\/rv\/wp-content\/uploads\/2011\/03\/03_tres.jpg\" alt=\"\" width=\"200\" height=\"120\" \/><\/a><\/p>\n<p style=\"padding-left: 30px;\">&nbsp;<\/p>\n<p><strong>Y el malo<\/strong><\/p>\n<p style=\"padding-left: 30px;\">M\u00e1s part\u00edculas, \u00a1que giran y siguen!<\/p>\n<p style=\"padding-left: 30px;\"><a href=\"http:\/\/processing.joan.cat\/rv\/sketches\/s07_sistemes_p\/04atracsion_particules\/index.html\"><img loading=\"lazy\" class=\"alignnone size-full wp-image-75\" title=\"04AtraccioParticules\" src=\"http:\/\/processing.joan.cat\/rv\/wp-content\/uploads\/2011\/03\/04AtraccioParticules.jpg\" alt=\"\" width=\"200\" height=\"120\" \/><\/a><\/p>\n<p style=\"padding-left: 30px;\">&nbsp;<\/p>\n<p>&#8212;&#8212;&#8212;&#8212;&#8212;&#8212;&#8212;&#8212;&#8212;&#8212;&#8212;&#8212;&#8212;&#8212;&#8212;&#8212;&#8212;&#8212;&#8212;-<br \/>\n\u00a9 2010- <a href=\"http:\/\/joan.cat\/\">Joan Soler-Adillon<\/a><\/p>\n","protected":false},"excerpt":{"rendered":"<p>REALIDAD VIRTUAL \u2013 PR\u00c1CTICAS con PROCESSING || MAD-IDEC-UPF Sesi\u00f3n 7: Sistemas de part\u00edculas \u2013 Archivo zip con todos los ejemplos \u2013 &#8211; enClase11052012 &#8211; Sistemas de part\u00edculas (este es muy malo:) Atracci\u00f3n particular \u2014\u2014\u2014\u2014\u2014\u2014\u2014\u2014\u2014\u2014\u2014\u2014\u2014\u2014\u2014\u2014\u2014\u2014\u2014\u2014\u2014\u2014 Sistemas de part\u00edculas Uno Dos Tres &hellip; <a href=\"http:\/\/processing.joan.cat\/rv\/s07\/\">Continua llegint <span class=\"meta-nav\">&rarr;<\/span><\/a><\/p>\n","protected":false},"author":1,"featured_media":0,"parent":0,"menu_order":0,"comment_status":"closed","ping_status":"open","template":"","meta":[],"_links":{"self":[{"href":"http:\/\/processing.joan.cat\/rv\/wp-json\/wp\/v2\/pages\/81"}],"collection":[{"href":"http:\/\/processing.joan.cat\/rv\/wp-json\/wp\/v2\/pages"}],"about":[{"href":"http:\/\/processing.joan.cat\/rv\/wp-json\/wp\/v2\/types\/page"}],"author":[{"embeddable":true,"href":"http:\/\/processing.joan.cat\/rv\/wp-json\/wp\/v2\/users\/1"}],"replies":[{"embeddable":true,"href":"http:\/\/processing.joan.cat\/rv\/wp-json\/wp\/v2\/comments?post=81"}],"version-history":[{"count":6,"href":"http:\/\/processing.joan.cat\/rv\/wp-json\/wp\/v2\/pages\/81\/revisions"}],"predecessor-version":[{"id":174,"href":"http:\/\/processing.joan.cat\/rv\/wp-json\/wp\/v2\/pages\/81\/revisions\/174"}],"wp:attachment":[{"href":"http:\/\/processing.joan.cat\/rv\/wp-json\/wp\/v2\/media?parent=81"}],"curies":[{"name":"wp","href":"https:\/\/api.w.org\/{rel}","templated":true}]}}