{"id":85,"date":"2011-03-18T23:59:14","date_gmt":"2011-03-18T22:59:14","guid":{"rendered":"http:\/\/processing.joan.cat\/rv\/?page_id=85"},"modified":"2011-05-10T23:21:22","modified_gmt":"2011-05-10T22:21:22","slug":"s08","status":"publish","type":"page","link":"http:\/\/processing.joan.cat\/rv\/s08\/","title":{"rendered":"s08"},"content":{"rendered":"<p><strong> REALIDAD VIRTUAL \u2013 PR\u00c1CTICAS con PROCESSING || MAD-IDEC-UPF<\/strong><\/p>\n<p><em>Sesi\u00f3n 8: Librer\u00edas<br \/>\n<\/em><\/p>\n<ul>\n<li>Uso de librer\u00edas en Processing<\/li>\n<li>Ejemplo: PPhys2D<\/li>\n<p><em> <\/em><\/ul>\n<p>\u2014\u2014\u2014\u2014\u2014\u2014\u2014\u2014\u2014\u2014\u2014\u2014\u2014\u2014\u2014\u2014\u2014\u2014\u2014\u2014\u2014\u2014<\/p>\n<p><strong>Uso de librer\u00edas en Processing<\/strong><\/p>\n<p><a href=\"http:\/\/processing.org\/reference\/libraries\/\">http:\/\/processing.org\/reference\/libraries\/<\/a><\/p>\n<p>&nbsp;<\/p>\n<p><strong>PPhys2D<\/strong><\/p>\n<p>PPhys2D: <a href=\"http:\/\/pphys2d.jmcouillard.com\/\">http:\/\/pphys2d.jmcouillard.com\/<\/a><\/p>\n<p>Instalaci\u00f3n:<\/p>\n<p>1) Bajar el archivo <a href=\"http:\/\/pphys2d.jmcouillard.com\/download\/PPhys2D_library.zip\">PPhys2D_library.zip<\/a><\/p>\n<p>2) Descomprimir y copoarlo a la carpeta <em>libraries <\/em>en la instalaci\u00f3n de Processing<\/p>\n<p>3) Explorar los <a href=\"http:\/\/pphys2d.jmcouillard.com\/exemples\">ejemplos de la web<\/a><\/p>\n<p>4) Descargar una <a href=\"http:\/\/processing.joan.cat\/rv\/sketches\/s08_ejemplos_web_ok_seleccion.zip\">selecci\u00f3n de ejemplos<\/a>, con una correci\u00f3n para que funcionen con las \u00faltimas versiones de processing (si los quer\u00e9is todos, est\u00e1n <a href=\"http:\/\/processing.joan.cat\/rv\/sketches\/s08_ejemplos_web_ok_todo.zip\">aqu\u00ed<\/a>).<\/p>\n<p>Y a\u00fan otro ejemplo:<\/p>\n<p style=\"padding-left: 30px;\"><a href=\"http:\/\/joan.cat\/processing\/cat\/sessioElisava6\/sketches\/004_dyn_grab_mouse\/index.html\"><img loading=\"lazy\" class=\"alignnone size-full wp-image-86\" title=\"04_dyn_grab_mouse\" src=\"http:\/\/processing.joan.cat\/rv\/wp-content\/uploads\/2011\/03\/04_dyn_grab_mouse.jpg\" alt=\"\" width=\"200\" height=\"120\" \/><\/a><\/p>\n<p>&nbsp;<\/p>\n<p>&#8212;&#8212;&#8212;&#8212;&#8212;&#8212;&#8212;&#8212;&#8212;&#8212;&#8212;&#8212;&#8212;&#8212;&#8212;&#8212;&#8212;&#8212;&#8212;-<br \/>\n\u00a9 2010- <a href=\"http:\/\/joan.cat\/\">Joan Soler-Adillon<\/a><\/p>\n","protected":false},"excerpt":{"rendered":"<p>REALIDAD VIRTUAL \u2013 PR\u00c1CTICAS con PROCESSING || MAD-IDEC-UPF Sesi\u00f3n 8: Librer\u00edas Uso de librer\u00edas en Processing Ejemplo: PPhys2D \u2014\u2014\u2014\u2014\u2014\u2014\u2014\u2014\u2014\u2014\u2014\u2014\u2014\u2014\u2014\u2014\u2014\u2014\u2014\u2014\u2014\u2014 Uso de librer\u00edas en Processing http:\/\/processing.org\/reference\/libraries\/ &nbsp; PPhys2D PPhys2D: http:\/\/pphys2d.jmcouillard.com\/ Instalaci\u00f3n: 1) Bajar el archivo PPhys2D_library.zip 2) Descomprimir y copoarlo a &hellip; <a href=\"http:\/\/processing.joan.cat\/rv\/s08\/\">Continua llegint <span class=\"meta-nav\">&rarr;<\/span><\/a><\/p>\n","protected":false},"author":1,"featured_media":0,"parent":0,"menu_order":0,"comment_status":"closed","ping_status":"open","template":"","meta":[],"_links":{"self":[{"href":"http:\/\/processing.joan.cat\/rv\/wp-json\/wp\/v2\/pages\/85"}],"collection":[{"href":"http:\/\/processing.joan.cat\/rv\/wp-json\/wp\/v2\/pages"}],"about":[{"href":"http:\/\/processing.joan.cat\/rv\/wp-json\/wp\/v2\/types\/page"}],"author":[{"embeddable":true,"href":"http:\/\/processing.joan.cat\/rv\/wp-json\/wp\/v2\/users\/1"}],"replies":[{"embeddable":true,"href":"http:\/\/processing.joan.cat\/rv\/wp-json\/wp\/v2\/comments?post=85"}],"version-history":[{"count":8,"href":"http:\/\/processing.joan.cat\/rv\/wp-json\/wp\/v2\/pages\/85\/revisions"}],"predecessor-version":[{"id":93,"href":"http:\/\/processing.joan.cat\/rv\/wp-json\/wp\/v2\/pages\/85\/revisions\/93"}],"wp:attachment":[{"href":"http:\/\/processing.joan.cat\/rv\/wp-json\/wp\/v2\/media?parent=85"}],"curies":[{"name":"wp","href":"https:\/\/api.w.org\/{rel}","templated":true}]}}